{"id":11437,"date":"2023-01-27T10:34:50","date_gmt":"2023-01-27T09:34:50","guid":{"rendered":"https:\/\/www.grupoapex.es\/?page_id=11437"},"modified":"2023-01-27T11:36:08","modified_gmt":"2023-01-27T10:36:08","slug":"politica-de-cookies","status":"publish","type":"page","link":"https:\/\/www.grupoapex.es\/pt-pt\/politica-de-cookies\/","title":{"rendered":"Pol\u00edtica de cookies"},"content":{"rendered":"<p>[et_pb_section fb_built=&#8221;1&#8243; _builder_version=&#8221;4.16&#8243; _module_preset=&#8221;default&#8221; global_colors_info=&#8221;{}&#8221;][et_pb_row _builder_version=&#8221;4.16&#8243; _module_preset=&#8221;default&#8221; global_colors_info=&#8221;{}&#8221;][et_pb_column type=&#8221;4_4&#8243; _builder_version=&#8221;4.16&#8243; _module_preset=&#8221;default&#8221; global_colors_info=&#8221;{}&#8221;][et_pb_text _builder_version=&#8221;4.16&#8243; _module_preset=&#8221;default&#8221; header_font=&#8221;|700|||||||&#8221; header_font_size=&#8221;42px&#8221; global_colors_info=&#8221;{}&#8221;]<\/p>\n<h1 style=\"text-align: center;\">Pol\u00edtica de cookies<\/h1>\n<p>[\/et_pb_text][\/et_pb_column][\/et_pb_row][et_pb_row _builder_version=&#8221;4.16&#8243; _module_preset=&#8221;default&#8221; global_colors_info=&#8221;{}&#8221;][et_pb_column type=&#8221;4_4&#8243; _builder_version=&#8221;4.16&#8243; _module_preset=&#8221;default&#8221; global_colors_info=&#8221;{}&#8221;][et_pb_text _builder_version=&#8221;4.16&#8243; _module_preset=&#8221;default&#8221; header_font=&#8221;|700|||||||&#8221; header_font_size=&#8221;42px&#8221; global_colors_info=&#8221;{}&#8221;]<\/p>\n<h2>1.1.- O que s\u00e3o cookies?<\/h2>\n<hr \/>\n<p>[\/et_pb_text][et_pb_text _builder_version=&#8221;4.19.4&#8243; _module_preset=&#8221;default&#8221; header_font=&#8221;|700|||||||&#8221; header_font_size=&#8221;42px&#8221; global_colors_info=&#8221;{}&#8221;]Cookies s\u00e3o arquivos de texto que ficam armazenados no terminal do usu\u00e1rio visitante e que armazenam e recuperam informa\u00e7\u00f5es de navega\u00e7\u00e3o. Embora a funcionalidade dos cookies seja sempre a mesma, a finalidade pode variar pelo que existem diferentes tipos de cookies.<\/p>\n<p>A se\u00e7\u00e3o a seguir desta pol\u00edtica indica o uso espec\u00edfico feito de cookies neste site.<\/p>\n<p>Se desejar obter mais informa\u00e7\u00f5es sobre cookies, fornecemos-lhe os seguintes links:<\/p>\n<ul style=\"margin-top: 24px\">\n<li><span><a href=\"http:\/\/es.wikipedia.org\/wiki\/Cookie_%28inform%C3%A1tica%29\">Entrada da Wikip\u00e9dia sobre cookies<\/a>.<\/span><\/li>\n<li><span><a href=\"http:\/\/tools.ietf.org\/html\/rfc6265\">Documento t\u00e9cnico explicativo sobre cookies<\/a>.<\/span><\/li>\n<li><a href=\"http:\/\/www.allaboutcookies.org\/pt-pt\/\">http:\/\/www.allaboutcookies.org\/pt-pt\/<\/a><\/li>\n<\/ul>\n<p>[\/et_pb_text][et_pb_divider show_divider=&#8221;off&#8221; _builder_version=&#8221;4.16&#8243; _module_preset=&#8221;default&#8221; global_colors_info=&#8221;{}&#8221;][\/et_pb_divider][et_pb_text _builder_version=&#8221;4.19.4&#8243; _module_preset=&#8221;default&#8221; header_font=&#8221;|700|||||||&#8221; header_font_size=&#8221;42px&#8221; global_colors_info=&#8221;{}&#8221;]<\/p>\n<h2>1.2.- Tipos de cookies usados \u200b\u200bneste site.<\/h2>\n<hr \/>\n<p>[\/et_pb_text][et_pb_text _builder_version=&#8221;4.19.4&#8243; _module_preset=&#8221;default&#8221; header_font=&#8221;|700|||||||&#8221; header_font_size=&#8221;42px&#8221; hover_enabled=&#8221;0&#8243; global_colors_info=&#8221;{}&#8221; sticky_enabled=&#8221;0&#8243;]<\/p>\n<p><u>Este site usa exclusivamente cookies t\u00e9cnicos. <\/u>Esse tipo de cookie ajuda a tornar uma p\u00e1gina da web utiliz\u00e1vel, ativando fun\u00e7\u00f5es b\u00e1sicas, como navega\u00e7\u00e3o na p\u00e1gina e acesso a \u00e1reas seguras da p\u00e1gina. O site n\u00e3o pode funcionar corretamente sem esses cookies. Eles s\u00e3o essenciais para o bom funcionamento do site.<\/p>\n<p>N\u00e3o usamos cookies pr\u00f3prios ou de terceiros para fins que n\u00e3o sejam t\u00e9cnicos.<\/p>\n<p>&nbsp;<\/p>\n<p>[\/et_pb_text][et_pb_divider show_divider=&#8221;off&#8221; _builder_version=&#8221;4.16&#8243; _module_preset=&#8221;default&#8221; global_colors_info=&#8221;{}&#8221;][\/et_pb_divider][et_pb_text _builder_version=&#8221;4.19.4&#8243; _module_preset=&#8221;default&#8221; header_font=&#8221;|700|||||||&#8221; header_font_size=&#8221;42px&#8221; global_colors_info=&#8221;{}&#8221;]<\/p>\n<h2>1.3.- Sobre como revogar a instala\u00e7\u00e3o de cookies<\/h2>\n<hr \/>\n<p>[\/et_pb_text][et_pb_text _builder_version=&#8221;4.19.4&#8243; _module_preset=&#8221;default&#8221; header_font=&#8221;|700|||||||&#8221; header_font_size=&#8221;42px&#8221; global_colors_info=&#8221;{}&#8221;]<\/p>\n<p>Uma vez instalados os cookies t\u00e9cnicos, voc\u00ea pode exclu\u00ed-los usando as op\u00e7\u00f5es de configura\u00e7\u00e3o dispon\u00edveis para <span><a href=\"https:\/\/pt.wikipedia.org\/wiki\/Navegador_web\"> navegadores<\/a >, atrav\u00e9s dos quais \u00e9 poss\u00edvel ajustar v\u00e1rios n\u00edveis de privacidade, para que, por exemplo, todos os cookies que um site como este possa enviar sejam negados ou mesmo todos os cookies que porventura tenham sido guardados sejam apagados. Para modificar esses par\u00e2metros, voc\u00ea pode solicitar ajuda ao fabricante do mesmo ou consultar a documenta\u00e7\u00e3o do mesmo listada abaixo:<\/span><\/p>\n<ul>\n<li><a href=\"http:\/\/support.google.com\/chrome\/bin\/answer.py?hl=pt-pt&amp;answer=95647\">Google Chrome<\/a>, <a href=\"https:\/\/support.mozilla.org\/pt-PT\/kb\/desativar-cookies-de-terceiros-no-firefox-para-impedir-alguns-tipos-monitorizacao-pelos-anunciantes\">Mozilla Firefox<\/a>, <a href=\"https :\/\/support.microsoft.com\/en-us\/windows\/eliminate-and-manage-cookies-168dab11-0753-043d-7c16-ede5947fc64d\">Microsoft Edge<\/a> e <a href=\"https:\/\/support.apple.com\/pt-pt\/guide\/safari\/sfri11471\/mac\">Safari<\/a>.<\/li>\n<li><span><a href=\"https:\/\/support.apple.com\/pt-pt\/HT201265\">IOS<\/a><\/span> e <span><a href=\"https:\/\/ support.google.com\/chrome\/answer\/114662?hl=en&amp;visit_id=0-636432348995326330-3931612517&amp;rd=1&amp;co=GENIE.Platform%3DAndroid&amp;oco=1\">Android<\/a><\/span> .<\/li>\n<\/ul>\n<p>Caso voc\u00ea restrinja ou bloqueie algum ou todos os cookies neste site, \u00e9 poss\u00edvel que algumas das funcionalidades ou servi\u00e7os fornecidos atrav\u00e9s desta p\u00e1gina n\u00e3o estejam dispon\u00edveis.<\/p>\n<p>[\/et_pb_text][et_pb_divider show_divider=&#8221;off&#8221; _builder_version=&#8221;4.16&#8243; _module_preset=&#8221;default&#8221; global_colors_info=&#8221;{}&#8221;][\/et_pb_divider][et_pb_text _builder_version=&#8221;4.19.4&#8243; _module_preset=&#8221;default&#8221; header_font=&#8221;|700|||||||&#8221; header_font_size=&#8221;42px&#8221; global_colors_info=&#8221;{}&#8221;]<\/p>\n<h2>1.4.- Navega\u00e7\u00e3o privada ou an\u00f4nima<\/h2>\n<hr \/>\n<p>[\/et_pb_text][et_pb_text _builder_version=&#8221;4.19.4&#8243; _module_preset=&#8221;default&#8221; header_font=&#8221;|700|||||||&#8221; header_font_size=&#8221;42px&#8221; global_colors_info=&#8221;{}&#8221;]<\/p>\n<p>Finalmente, al\u00e9m da possibilidade de restringir ou eliminar os cookies, a maioria dos navegadores web permite visitar as p\u00e1ginas atrav\u00e9s da modalidade conhecida como \u201c<a href=\"https:\/\/support.mozilla.org\/pt-PT\/kb\/navegacao-privada-utilizar-firefox-sem-guardar-historico\">navega\u00e7\u00e3o privada<\/a>\u201d, de \u201c<a  href=\"https:\/\/support.google.com\/chrome\/answer\/95464?co=GENIE.Platform%3DDesktop&amp;hl=en\">an\u00f4nimo<\/a>\u201d, \u201c<a href=\"https:\/\/support.google.com\/chrome\/answer\/95464?co=GENIE.Platform%3DDesktop&amp;hl=en\">inPrivate<\/a>\u201d. Tal funcionalidade implica que ao fechar o navegador\/aba, os dados de navega\u00e7\u00e3o que possam ter sido armazenados ou gerados (entre eles, os cookies) sejam eliminados.<\/p>\n<p>[\/et_pb_text][et_pb_divider show_divider=&#8221;off&#8221; _builder_version=&#8221;4.16&#8243; _module_preset=&#8221;default&#8221; global_colors_info=&#8221;{}&#8221;][\/et_pb_divider][\/et_pb_column][\/et_pb_row][\/et_pb_section]<\/p>\n","protected":false},"excerpt":{"rendered":"<p>Pol\u00edtica de cookies1.1.- O que s\u00e3o cookies? Cookies s\u00e3o arquivos de texto que ficam armazenados no terminal do usu\u00e1rio visitante e que armazenam e recuperam informa\u00e7\u00f5es de navega\u00e7\u00e3o. Embora a funcionalidade dos cookies seja sempre a mesma, a finalidade pode variar pelo que existem diferentes tipos de cookies. A se\u00e7\u00e3o a seguir desta pol\u00edtica indica [&hellip;]<\/p>\n","protected":false},"author":1,"featured_media":0,"parent":0,"menu_order":23,"comment_status":"closed","ping_status":"closed","template":"","meta":{"_et_pb_use_builder":"on","_et_pb_old_content":"","_et_gb_content_width":"","footnotes":""},"class_list":["post-11437","page","type-page","status-publish","hentry"],"yoast_head":"<!-- This site is optimized with the Yoast SEO plugin v27.3 - https:\/\/yoast.com\/product\/yoast-seo-wordpress\/ -->\n<title>Pol\u00edtica de cookies - Grupo Apex<\/title>\n<meta name=\"robots\" content=\"index, follow, max-snippet:-1, max-image-preview:large, max-video-preview:-1\" \/>\n<link rel=\"canonical\" href=\"https:\/\/www.grupoapex.es\/pt-pt\/politica-de-cookies\/\" \/>\n<meta property=\"og:locale\" content=\"pt_PT\" \/>\n<meta property=\"og:type\" content=\"article\" \/>\n<meta property=\"og:title\" content=\"Pol\u00edtica de cookies - Grupo Apex\" \/>\n<meta property=\"og:description\" content=\"Pol\u00edtica de cookies1.1.- O que s\u00e3o cookies? Cookies s\u00e3o arquivos de texto que ficam armazenados no terminal do usu\u00e1rio visitante e que armazenam e recuperam informa\u00e7\u00f5es de navega\u00e7\u00e3o. Embora a funcionalidade dos cookies seja sempre a mesma, a finalidade pode variar pelo que existem diferentes tipos de cookies. A se\u00e7\u00e3o a seguir desta pol\u00edtica indica [&hellip;]\" \/>\n<meta property=\"og:url\" content=\"https:\/\/www.grupoapex.es\/pt-pt\/politica-de-cookies\/\" \/>\n<meta property=\"og:site_name\" content=\"Grupo Apex\" \/>\n<meta property=\"article:modified_time\" content=\"2023-01-27T10:36:08+00:00\" \/>\n<meta name=\"twitter:card\" content=\"summary_large_image\" \/>\n<meta name=\"twitter:label1\" content=\"Tempo estimado de leitura\" \/>\n\t<meta name=\"twitter:data1\" content=\"2 minutos\" \/>\n<script type=\"application\/ld+json\" class=\"yoast-schema-graph\">{\"@context\":\"https:\\\/\\\/schema.org\",\"@graph\":[{\"@type\":\"WebPage\",\"@id\":\"https:\\\/\\\/www.grupoapex.es\\\/pt-pt\\\/politica-de-cookies\\\/\",\"url\":\"https:\\\/\\\/www.grupoapex.es\\\/pt-pt\\\/politica-de-cookies\\\/\",\"name\":\"Pol\u00edtica de cookies - Grupo Apex\",\"isPartOf\":{\"@id\":\"https:\\\/\\\/www.grupoapex.es\\\/pt-pt\\\/#website\"},\"datePublished\":\"2023-01-27T09:34:50+00:00\",\"dateModified\":\"2023-01-27T10:36:08+00:00\",\"breadcrumb\":{\"@id\":\"https:\\\/\\\/www.grupoapex.es\\\/pt-pt\\\/politica-de-cookies\\\/#breadcrumb\"},\"inLanguage\":\"pt-PT\",\"potentialAction\":[{\"@type\":\"ReadAction\",\"target\":[\"https:\\\/\\\/www.grupoapex.es\\\/pt-pt\\\/politica-de-cookies\\\/\"]}]},{\"@type\":\"BreadcrumbList\",\"@id\":\"https:\\\/\\\/www.grupoapex.es\\\/pt-pt\\\/politica-de-cookies\\\/#breadcrumb\",\"itemListElement\":[{\"@type\":\"ListItem\",\"position\":1,\"name\":\"Portada\",\"item\":\"https:\\\/\\\/www.grupoapex.es\\\/pt-pt\\\/\"},{\"@type\":\"ListItem\",\"position\":2,\"name\":\"Pol\u00edtica de cookies\"}]},{\"@type\":\"WebSite\",\"@id\":\"https:\\\/\\\/www.grupoapex.es\\\/pt-pt\\\/#website\",\"url\":\"https:\\\/\\\/www.grupoapex.es\\\/pt-pt\\\/\",\"name\":\"Grupo Apex\",\"description\":\"\",\"potentialAction\":[{\"@type\":\"SearchAction\",\"target\":{\"@type\":\"EntryPoint\",\"urlTemplate\":\"https:\\\/\\\/www.grupoapex.es\\\/pt-pt\\\/?s={search_term_string}\"},\"query-input\":{\"@type\":\"PropertyValueSpecification\",\"valueRequired\":true,\"valueName\":\"search_term_string\"}}],\"inLanguage\":\"pt-PT\"}]}<\/script>\n<!-- \/ Yoast SEO plugin. -->","yoast_head_json":{"title":"Pol\u00edtica de cookies - Grupo Apex","robots":{"index":"index","follow":"follow","max-snippet":"max-snippet:-1","max-image-preview":"max-image-preview:large","max-video-preview":"max-video-preview:-1"},"canonical":"https:\/\/www.grupoapex.es\/pt-pt\/politica-de-cookies\/","og_locale":"pt_PT","og_type":"article","og_title":"Pol\u00edtica de cookies - Grupo Apex","og_description":"Pol\u00edtica de cookies1.1.- O que s\u00e3o cookies? Cookies s\u00e3o arquivos de texto que ficam armazenados no terminal do usu\u00e1rio visitante e que armazenam e recuperam informa\u00e7\u00f5es de navega\u00e7\u00e3o. Embora a funcionalidade dos cookies seja sempre a mesma, a finalidade pode variar pelo que existem diferentes tipos de cookies. A se\u00e7\u00e3o a seguir desta pol\u00edtica indica [&hellip;]","og_url":"https:\/\/www.grupoapex.es\/pt-pt\/politica-de-cookies\/","og_site_name":"Grupo Apex","article_modified_time":"2023-01-27T10:36:08+00:00","twitter_card":"summary_large_image","twitter_misc":{"Tempo estimado de leitura":"2 minutos"},"schema":{"@context":"https:\/\/schema.org","@graph":[{"@type":"WebPage","@id":"https:\/\/www.grupoapex.es\/pt-pt\/politica-de-cookies\/","url":"https:\/\/www.grupoapex.es\/pt-pt\/politica-de-cookies\/","name":"Pol\u00edtica de cookies - Grupo Apex","isPartOf":{"@id":"https:\/\/www.grupoapex.es\/pt-pt\/#website"},"datePublished":"2023-01-27T09:34:50+00:00","dateModified":"2023-01-27T10:36:08+00:00","breadcrumb":{"@id":"https:\/\/www.grupoapex.es\/pt-pt\/politica-de-cookies\/#breadcrumb"},"inLanguage":"pt-PT","potentialAction":[{"@type":"ReadAction","target":["https:\/\/www.grupoapex.es\/pt-pt\/politica-de-cookies\/"]}]},{"@type":"BreadcrumbList","@id":"https:\/\/www.grupoapex.es\/pt-pt\/politica-de-cookies\/#breadcrumb","itemListElement":[{"@type":"ListItem","position":1,"name":"Portada","item":"https:\/\/www.grupoapex.es\/pt-pt\/"},{"@type":"ListItem","position":2,"name":"Pol\u00edtica de cookies"}]},{"@type":"WebSite","@id":"https:\/\/www.grupoapex.es\/pt-pt\/#website","url":"https:\/\/www.grupoapex.es\/pt-pt\/","name":"Grupo Apex","description":"","potentialAction":[{"@type":"SearchAction","target":{"@type":"EntryPoint","urlTemplate":"https:\/\/www.grupoapex.es\/pt-pt\/?s={search_term_string}"},"query-input":{"@type":"PropertyValueSpecification","valueRequired":true,"valueName":"search_term_string"}}],"inLanguage":"pt-PT"}]}},"_links":{"self":[{"href":"https:\/\/www.grupoapex.es\/pt-pt\/wp-json\/wp\/v2\/pages\/11437","targetHints":{"allow":["GET"]}}],"collection":[{"href":"https:\/\/www.grupoapex.es\/pt-pt\/wp-json\/wp\/v2\/pages"}],"about":[{"href":"https:\/\/www.grupoapex.es\/pt-pt\/wp-json\/wp\/v2\/types\/page"}],"author":[{"embeddable":true,"href":"https:\/\/www.grupoapex.es\/pt-pt\/wp-json\/wp\/v2\/users\/1"}],"replies":[{"embeddable":true,"href":"https:\/\/www.grupoapex.es\/pt-pt\/wp-json\/wp\/v2\/comments?post=11437"}],"version-history":[{"count":14,"href":"https:\/\/www.grupoapex.es\/pt-pt\/wp-json\/wp\/v2\/pages\/11437\/revisions"}],"predecessor-version":[{"id":11536,"href":"https:\/\/www.grupoapex.es\/pt-pt\/wp-json\/wp\/v2\/pages\/11437\/revisions\/11536"}],"wp:attachment":[{"href":"https:\/\/www.grupoapex.es\/pt-pt\/wp-json\/wp\/v2\/media?parent=11437"}],"curies":[{"name":"wp","href":"https:\/\/api.w.org\/{rel}","templated":true}]}}