{"id":2819,"date":"2021-05-06T10:48:16","date_gmt":"2021-05-06T08:48:16","guid":{"rendered":"https:\/\/www.grupoapex.es\/contacto\/"},"modified":"2025-01-02T12:55:08","modified_gmt":"2025-01-02T11:55:08","slug":"contacto","status":"publish","type":"page","link":"https:\/\/www.grupoapex.es\/pt-pt\/contacto\/","title":{"rendered":"Contacto"},"content":{"rendered":"<p>[et_pb_section fb_built=&#8221;1&#8243; _builder_version=&#8221;4.27.4&#8243; _module_preset=&#8221;default&#8221; custom_padding=&#8221;40px||||false|false&#8221; hover_enabled=&#8221;0&#8243; global_colors_info=&#8221;{}&#8221; background_color=&#8221;#F2F6F9&#8243; sticky_enabled=&#8221;0&#8243;][et_pb_row _builder_version=&#8221;4.16&#8243; _module_preset=&#8221;default&#8221; global_colors_info=&#8221;{}&#8221;][et_pb_column type=&#8221;4_4&#8243; _builder_version=&#8221;4.16&#8243; _module_preset=&#8221;default&#8221; global_colors_info=&#8221;{}&#8221;][et_pb_text _builder_version=&#8221;4.16&#8243; _module_preset=&#8221;default&#8221; header_font=&#8221;|700|||||||&#8221; header_font_size=&#8221;42px&#8221; global_colors_info=&#8221;{}&#8221;]<\/p>\n<h1>Contacto<\/h1>\n<p>[\/et_pb_text][\/et_pb_column][\/et_pb_row][et_pb_row column_structure=&#8221;2_5,3_5&#8243; _builder_version=&#8221;4.16&#8243; _module_preset=&#8221;default&#8221; global_colors_info=&#8221;{}&#8221;][et_pb_column type=&#8221;2_5&#8243; _builder_version=&#8221;4.16&#8243; _module_preset=&#8221;default&#8221; global_colors_info=&#8221;{}&#8221;][et_pb_text _builder_version=&#8221;4.16&#8243; _module_preset=&#8221;default&#8221; global_colors_info=&#8221;{}&#8221;]<\/p>\n<p>A qualidade dos nossos produtos e servi\u00e7os \u00e9 um pilar fundamental no Grupo Apex.<\/p>\n<p>Por isso, e com o intuito de melhorar o atendimento, agradecemos as suas sugest\u00f5es, perguntas ou outras considera\u00e7\u00f5es que queira partilhar connosco:<\/p>\n<p>[\/et_pb_text][et_pb_text _builder_version=&#8221;4.16&#8243; _module_preset=&#8221;default&#8221; global_colors_info=&#8221;{}&#8221;]<\/p>\n<p><strong>Grupo Apex<\/strong><br \/><strong>Aperitivos y Extrusionados SA<\/strong><\/p>\n<p>Tel.: +34 948 81 94 12<br \/>Email: info@grupoapex.es<\/p>\n<p>[\/et_pb_text][\/et_pb_column][et_pb_column type=&#8221;3_5&#8243; _builder_version=&#8221;4.16&#8243; _module_preset=&#8221;default&#8221; global_colors_info=&#8221;{}&#8221;][dvppl_cf7_styler cf7=&#8221;13&#8243; _builder_version=&#8221;4.6.6&#8243; _module_preset=&#8221;default&#8221; hover_enabled=&#8221;0&#8243; custom_submit_button=&#8221;on&#8221; submit_button_text_color=&#8221;#ffffff&#8221; submit_button_bg_color=&#8221;#152a4f&#8221; submit_button_bg_enable_color=&#8221;on&#8221; submit_button_border_color=&#8221;#152a4f&#8221; submit_button_font=&#8221;|700||on|||||&#8221; sticky_enabled=&#8221;0&#8243;][\/dvppl_cf7_styler][\/et_pb_column][\/et_pb_row][\/et_pb_section]<\/p>\n","protected":false},"excerpt":{"rendered":"<p>ContactoA qualidade dos nossos produtos e servi\u00e7os \u00e9 um pilar fundamental no Grupo Apex. Por isso, e com o intuito de melhorar o atendimento, agradecemos as suas sugest\u00f5es, perguntas ou outras considera\u00e7\u00f5es que queira partilhar connosco:Grupo ApexAperitivos y Extrusionados SA Tel.: +34 948 81 94 12Email: info@grupoapex.es<div class=\"et_pb_module dvppl_cf7_styler dvppl_cf7_styler_0\">\n\t\t\t\t\n\t\t\t\t\n\t\t\t\t\n\t\t\t\t\n\t\t\t\t\n\t\t\t\t\n\t\t\t\t<div class=\"et_pb_module_inner\">\n\t\t\t\t\t<div class=\"dipe-cf7-container dipe-cf7-button-left\">\n\t\t\t\t\n\t\t\t\t<div class=\"dipe-cf7 dipe-cf7-styler \">\n\t\t\t\t\t<p class=\"wpcf7-contact-form-not-found\"><strong>Erro:<\/strong> Formul\u00e1rio de contacto n\u00e3o encontrado.<\/p>\n\t\t\t\t<\/div>\n\t\t\t<\/div>\n\t\t\t\t<\/div>\n\t\t\t<\/div><\/p>\n","protected":false},"author":1,"featured_media":0,"parent":0,"menu_order":35,"comment_status":"closed","ping_status":"closed","template":"","meta":{"_et_pb_use_builder":"on","_et_pb_old_content":"","_et_gb_content_width":"","footnotes":""},"class_list":["post-2819","page","type-page","status-publish","hentry"],"yoast_head":"<!-- This site is optimized with the Yoast SEO plugin v27.3 - https:\/\/yoast.com\/product\/yoast-seo-wordpress\/ -->\n<title>Contacto - Grupo Apex<\/title>\n<meta name=\"robots\" content=\"index, follow, max-snippet:-1, max-image-preview:large, max-video-preview:-1\" \/>\n<link rel=\"canonical\" href=\"https:\/\/www.grupoapex.es\/pt-pt\/contacto\/\" \/>\n<meta property=\"og:locale\" content=\"pt_PT\" \/>\n<meta property=\"og:type\" content=\"article\" \/>\n<meta property=\"og:title\" content=\"Contacto - Grupo Apex\" \/>\n<meta property=\"og:description\" content=\"ContactoA qualidade dos nossos produtos e servi\u00e7os \u00e9 um pilar fundamental no Grupo Apex. Por isso, e com o intuito de melhorar o atendimento, agradecemos as suas sugest\u00f5es, perguntas ou outras considera\u00e7\u00f5es que queira partilhar connosco:Grupo ApexAperitivos y Extrusionados SA Tel.: +34 948 81 94 12Email: info@grupoapex.es\" \/>\n<meta property=\"og:url\" content=\"https:\/\/www.grupoapex.es\/pt-pt\/contacto\/\" \/>\n<meta property=\"og:site_name\" content=\"Grupo Apex\" \/>\n<meta property=\"article:modified_time\" content=\"2025-01-02T11:55:08+00:00\" \/>\n<meta name=\"twitter:card\" content=\"summary_large_image\" \/>\n<meta name=\"twitter:label1\" content=\"Tempo estimado de leitura\" \/>\n\t<meta name=\"twitter:data1\" content=\"1 minuto\" \/>\n<script type=\"application\/ld+json\" class=\"yoast-schema-graph\">{\"@context\":\"https:\\\/\\\/schema.org\",\"@graph\":[{\"@type\":\"WebPage\",\"@id\":\"https:\\\/\\\/www.grupoapex.es\\\/pt-pt\\\/contacto\\\/\",\"url\":\"https:\\\/\\\/www.grupoapex.es\\\/pt-pt\\\/contacto\\\/\",\"name\":\"Contacto - Grupo Apex\",\"isPartOf\":{\"@id\":\"https:\\\/\\\/www.grupoapex.es\\\/pt-pt\\\/#website\"},\"datePublished\":\"2021-05-06T08:48:16+00:00\",\"dateModified\":\"2025-01-02T11:55:08+00:00\",\"breadcrumb\":{\"@id\":\"https:\\\/\\\/www.grupoapex.es\\\/pt-pt\\\/contacto\\\/#breadcrumb\"},\"inLanguage\":\"pt-PT\",\"potentialAction\":[{\"@type\":\"ReadAction\",\"target\":[\"https:\\\/\\\/www.grupoapex.es\\\/pt-pt\\\/contacto\\\/\"]}]},{\"@type\":\"BreadcrumbList\",\"@id\":\"https:\\\/\\\/www.grupoapex.es\\\/pt-pt\\\/contacto\\\/#breadcrumb\",\"itemListElement\":[{\"@type\":\"ListItem\",\"position\":1,\"name\":\"Portada\",\"item\":\"https:\\\/\\\/www.grupoapex.es\\\/pt-pt\\\/\"},{\"@type\":\"ListItem\",\"position\":2,\"name\":\"Contacto\"}]},{\"@type\":\"WebSite\",\"@id\":\"https:\\\/\\\/www.grupoapex.es\\\/pt-pt\\\/#website\",\"url\":\"https:\\\/\\\/www.grupoapex.es\\\/pt-pt\\\/\",\"name\":\"Grupo Apex\",\"description\":\"\",\"potentialAction\":[{\"@type\":\"SearchAction\",\"target\":{\"@type\":\"EntryPoint\",\"urlTemplate\":\"https:\\\/\\\/www.grupoapex.es\\\/pt-pt\\\/?s={search_term_string}\"},\"query-input\":{\"@type\":\"PropertyValueSpecification\",\"valueRequired\":true,\"valueName\":\"search_term_string\"}}],\"inLanguage\":\"pt-PT\"}]}<\/script>\n<!-- \/ Yoast SEO plugin. -->","yoast_head_json":{"title":"Contacto - Grupo Apex","robots":{"index":"index","follow":"follow","max-snippet":"max-snippet:-1","max-image-preview":"max-image-preview:large","max-video-preview":"max-video-preview:-1"},"canonical":"https:\/\/www.grupoapex.es\/pt-pt\/contacto\/","og_locale":"pt_PT","og_type":"article","og_title":"Contacto - Grupo Apex","og_description":"ContactoA qualidade dos nossos produtos e servi\u00e7os \u00e9 um pilar fundamental no Grupo Apex. Por isso, e com o intuito de melhorar o atendimento, agradecemos as suas sugest\u00f5es, perguntas ou outras considera\u00e7\u00f5es que queira partilhar connosco:Grupo ApexAperitivos y Extrusionados SA Tel.: +34 948 81 94 12Email: info@grupoapex.es","og_url":"https:\/\/www.grupoapex.es\/pt-pt\/contacto\/","og_site_name":"Grupo Apex","article_modified_time":"2025-01-02T11:55:08+00:00","twitter_card":"summary_large_image","twitter_misc":{"Tempo estimado de leitura":"1 minuto"},"schema":{"@context":"https:\/\/schema.org","@graph":[{"@type":"WebPage","@id":"https:\/\/www.grupoapex.es\/pt-pt\/contacto\/","url":"https:\/\/www.grupoapex.es\/pt-pt\/contacto\/","name":"Contacto - Grupo Apex","isPartOf":{"@id":"https:\/\/www.grupoapex.es\/pt-pt\/#website"},"datePublished":"2021-05-06T08:48:16+00:00","dateModified":"2025-01-02T11:55:08+00:00","breadcrumb":{"@id":"https:\/\/www.grupoapex.es\/pt-pt\/contacto\/#breadcrumb"},"inLanguage":"pt-PT","potentialAction":[{"@type":"ReadAction","target":["https:\/\/www.grupoapex.es\/pt-pt\/contacto\/"]}]},{"@type":"BreadcrumbList","@id":"https:\/\/www.grupoapex.es\/pt-pt\/contacto\/#breadcrumb","itemListElement":[{"@type":"ListItem","position":1,"name":"Portada","item":"https:\/\/www.grupoapex.es\/pt-pt\/"},{"@type":"ListItem","position":2,"name":"Contacto"}]},{"@type":"WebSite","@id":"https:\/\/www.grupoapex.es\/pt-pt\/#website","url":"https:\/\/www.grupoapex.es\/pt-pt\/","name":"Grupo Apex","description":"","potentialAction":[{"@type":"SearchAction","target":{"@type":"EntryPoint","urlTemplate":"https:\/\/www.grupoapex.es\/pt-pt\/?s={search_term_string}"},"query-input":{"@type":"PropertyValueSpecification","valueRequired":true,"valueName":"search_term_string"}}],"inLanguage":"pt-PT"}]}},"_links":{"self":[{"href":"https:\/\/www.grupoapex.es\/pt-pt\/wp-json\/wp\/v2\/pages\/2819","targetHints":{"allow":["GET"]}}],"collection":[{"href":"https:\/\/www.grupoapex.es\/pt-pt\/wp-json\/wp\/v2\/pages"}],"about":[{"href":"https:\/\/www.grupoapex.es\/pt-pt\/wp-json\/wp\/v2\/types\/page"}],"author":[{"embeddable":true,"href":"https:\/\/www.grupoapex.es\/pt-pt\/wp-json\/wp\/v2\/users\/1"}],"replies":[{"embeddable":true,"href":"https:\/\/www.grupoapex.es\/pt-pt\/wp-json\/wp\/v2\/comments?post=2819"}],"version-history":[{"count":4,"href":"https:\/\/www.grupoapex.es\/pt-pt\/wp-json\/wp\/v2\/pages\/2819\/revisions"}],"predecessor-version":[{"id":19325,"href":"https:\/\/www.grupoapex.es\/pt-pt\/wp-json\/wp\/v2\/pages\/2819\/revisions\/19325"}],"wp:attachment":[{"href":"https:\/\/www.grupoapex.es\/pt-pt\/wp-json\/wp\/v2\/media?parent=2819"}],"curies":[{"name":"wp","href":"https:\/\/api.w.org\/{rel}","templated":true}]}}